{"id":2044,"date":"2025-02-20T14:25:07","date_gmt":"2025-02-20T13:25:07","guid":{"rendered":"https:\/\/www.fitforclimate.de\/ueber-uns\/"},"modified":"2025-11-14T11:33:19","modified_gmt":"2025-11-14T10:33:19","slug":"ueber-uns","status":"publish","type":"page","link":"https:\/\/www.fitforclimate.de\/es\/ueber-uns\/","title":{"rendered":"Sobre nosotros"},"content":{"rendered":"\n<style type=\"text\/css\" data-created_by=\"avia_inline_auto\" id=\"style-css-av-m7oigpy8-ebe3a6fbc21df9ffc484554b3e50a776\">\n.avia-section.av-m7oigpy8-ebe3a6fbc21df9ffc484554b3e50a776{\nposition:relative;\n}\n.avia-section.av-m7oigpy8-ebe3a6fbc21df9ffc484554b3e50a776 .av-parallax .av-parallax-inner{\nbackground-color:#ffffff;\nbackground-image:url(https:\/\/www.fitforclimate.de\/wp-content\/uploads\/FIT-Bildmotiv_Ueber-uns.jpg);\nbackground-repeat:no-repeat;\nbackground-position:50% 0%;\nbackground-attachment:scroll;\n}\n.avia-section.av-m7oigpy8-ebe3a6fbc21df9ffc484554b3e50a776 .avia-divider-svg-top svg{\nheight:50px;\nwidth:calc(100% + 1.3px);\nfill:#ffffff;\n}\n.avia-section.av-m7oigpy8-ebe3a6fbc21df9ffc484554b3e50a776 .avia-divider-svg-bottom svg{\nheight:50px;\nwidth:calc(100% + 1.3px);\nfill:#c7eafb;\n}\n<\/style>\n<div id='desktop'  class='avia-section av-m7oigpy8-ebe3a6fbc21df9ffc484554b3e50a776 main_color avia-section-default avia-no-border-styling  avia-builder-el-0  el_before_av_section  avia-builder-el-first  av-small-hide av-mini-hide avia-full-stretch av-parallax-section avia-bg-style-parallax av-minimum-height av-minimum-height-75 av-height-75  container_wrap sidebar_right'  data-section-bg-repeat='stretch' data-av_minimum_height_pc='75' data-av_min_height_opt='75'><div class='avia-divider-svg avia-divider-svg-triangle-asymmetrical avia-divider-svg-top avia-flipped-svg avia-to-front avia-svg-original'><svg xmlns=\"http:\/\/www.w3.org\/2000\/svg\" viewBox=\"0 0 1000 100\" preserveAspectRatio=\"none\">\n\t<path d=\"M738,99l262-93V0H0v5.6L738,99z\"\/>\n<\/svg><\/div><div class='avia-divider-svg avia-divider-svg-triangle-asymmetrical avia-divider-svg-bottom avia-to-front avia-svg-original'><svg xmlns=\"http:\/\/www.w3.org\/2000\/svg\" viewBox=\"0 0 1000 100\" preserveAspectRatio=\"none\">\n\t<path d=\"M738,99l262-93V0H0v5.6L738,99z\"\/>\n<\/svg><\/div><div class='av-parallax' data-avia-parallax-ratio='0.3' ><div class='av-parallax-inner main_color avia-full-stretch'><\/div><\/div><div class='container av-section-cont-open' ><main  role=\"main\" itemprop=\"mainContentOfPage\"  class='template-page content  av-content-small alpha units'><div class='post-entry post-entry-type-page post-entry-2044'><div class='entry-content-wrapper clearfix'>\n<\/div><\/div><\/main><!-- close content main element --><\/div><\/div>\n<style type=\"text\/css\" data-created_by=\"avia_inline_auto\" id=\"style-css-av-m7oigwmn-766368144da7cea33bb50df639e2b2a9\">\n.avia-section.av-m7oigwmn-766368144da7cea33bb50df639e2b2a9{\nbackground-color:#ffffff;\nbackground-image:url(https:\/\/www.fitforclimate.de\/wp-content\/uploads\/FIT-Bildmotiv_Ueber-uns.jpg);\nbackground-repeat:no-repeat;\nbackground-position:50% 0%;\nbackground-attachment:scroll;\nposition:relative;\n}\n.avia-section.av-m7oigwmn-766368144da7cea33bb50df639e2b2a9 .avia-divider-svg-bottom svg{\nheight:50px;\nwidth:calc(100% + 1.3px);\nfill:#c7eafb;\n}\n<\/style>\n<div id='mobil'  class='avia-section av-m7oigwmn-766368144da7cea33bb50df639e2b2a9 main_color avia-section-default avia-no-border-styling  avia-builder-el-1  el_after_av_section  el_before_av_section  av-desktop-hide av-medium-hide avia-full-stretch avia-bg-style-scroll av-minimum-height av-minimum-height-50 av-height-50  container_wrap sidebar_right'  data-section-bg-repeat='stretch' data-av_minimum_height_pc='50' data-av_min_height_opt='50'><div class='avia-divider-svg avia-divider-svg-triangle-asymmetrical avia-divider-svg-bottom avia-to-front avia-svg-original'><svg xmlns=\"http:\/\/www.w3.org\/2000\/svg\" viewBox=\"0 0 1000 100\" preserveAspectRatio=\"none\">\n\t<path d=\"M738,99l262-93V0H0v5.6L738,99z\"\/>\n<\/svg><\/div><div class='container av-section-cont-open' ><div class='template-page content  av-content-small alpha units'><div class='post-entry post-entry-type-page post-entry-2044'><div class='entry-content-wrapper clearfix'>\n<\/div><\/div><\/div><!-- close content main div --><\/div><\/div>\n<style type=\"text\/css\" data-created_by=\"avia_inline_auto\" id=\"style-css-av-m60s4mt6-85e49023329de04e5ee057c95143849d\">\n.avia-section.av-m60s4mt6-85e49023329de04e5ee057c95143849d{\nbackground-color:#c7eafb;\nbackground-image:unset;\nposition:relative;\n}\n.avia-section.av-m60s4mt6-85e49023329de04e5ee057c95143849d .avia-divider-svg-bottom svg{\nheight:50px;\nwidth:calc(100% + 1.3px);\nfill:#ffffff;\n}\n<\/style>\n<div id='av_section_3'  class='avia-section av-m60s4mt6-85e49023329de04e5ee057c95143849d main_color avia-section-large avia-no-border-styling  avia-builder-el-2  el_after_av_section  avia-builder-el-last  avia-bg-style-scroll container_wrap sidebar_right'  ><div class='avia-divider-svg avia-divider-svg-triangle-asymmetrical avia-divider-svg-bottom avia-to-front avia-svg-original'><svg xmlns=\"http:\/\/www.w3.org\/2000\/svg\" viewBox=\"0 0 1000 100\" preserveAspectRatio=\"none\">\n\t<path d=\"M738,99l262-93V0H0v5.6L738,99z\"\/>\n<\/svg><\/div><div class='container av-section-cont-open' ><div class='template-page content  av-content-small alpha units'><div class='post-entry post-entry-type-page post-entry-2044'><div class='entry-content-wrapper clearfix'>\n<div  class='flex_column av-6u3u0-d863ab232ebd8c31852d77a2dd520c32 av_four_fifth  avia-builder-el-3  el_before_av_hr  avia-builder-el-first  first flex_column_div  '     ><p>\n<style type=\"text\/css\" data-created_by=\"avia_inline_auto\" id=\"style-css-av-m60s5f0o-d04fffb4350d941c69480793c503f0a4\">\n#top .av-special-heading.av-m60s5f0o-d04fffb4350d941c69480793c503f0a4{\npadding-bottom:10px;\nfont-size:50px;\n}\nbody .av-special-heading.av-m60s5f0o-d04fffb4350d941c69480793c503f0a4 .av-special-heading-tag .heading-char{\nfont-size:25px;\n}\n#top #wrap_all .av-special-heading.av-m60s5f0o-d04fffb4350d941c69480793c503f0a4 .av-special-heading-tag{\nfont-size:50px;\n}\n.av-special-heading.av-m60s5f0o-d04fffb4350d941c69480793c503f0a4 .av-subheading{\nfont-size:15px;\n}\n\n@media only screen and (min-width: 990px){ \n#top #wrap_all .av-special-heading.av-m60s5f0o-d04fffb4350d941c69480793c503f0a4 .av-special-heading-tag{\nfont-size:50px;\n}\n}\n\n@media only screen and (min-width: 768px) and (max-width: 989px){ \n#top #wrap_all .av-special-heading.av-m60s5f0o-d04fffb4350d941c69480793c503f0a4 .av-special-heading-tag{\nfont-size:30px;\n}\n}\n\n@media only screen and (min-width: 480px) and (max-width: 767px){ \n#top #wrap_all .av-special-heading.av-m60s5f0o-d04fffb4350d941c69480793c503f0a4 .av-special-heading-tag{\nfont-size:30px;\n}\n}\n\n@media only screen and (max-width: 479px){ \n#top #wrap_all .av-special-heading.av-m60s5f0o-d04fffb4350d941c69480793c503f0a4 .av-special-heading-tag{\nfont-size:30px;\n}\n}\n<\/style>\n<div  class='av-special-heading av-m60s5f0o-d04fffb4350d941c69480793c503f0a4 av-special-heading-h1 blockquote modern-quote  avia-builder-el-4  el_before_av_textblock  avia-builder-el-first  av-inherit-size'><h1 class='av-special-heading-tag '  itemprop=\"headline\"  >Sobre nosotros<\/h1><div class=\"special-heading-border\"><div class=\"special-heading-inner-border\"><\/div><\/div><\/div><br \/>\n<section  class='av_textblock_section av-3wf3-f7517c966101191c161cb79dbe0c94a6 '   itemscope=\"itemscope\" itemtype=\"https:\/\/schema.org\/CreativeWork\" ><div class='avia_textblock'  itemprop=\"text\" ><p><strong>La reclutaci\u00f3n, colocaci\u00f3n e integraci\u00f3n de profesionales cualificados procedentes de terceros pa\u00edses es una tarea compleja y multifac\u00e9tica. El proyecto demuestra c\u00f3mo la inmigraci\u00f3n hacia el sector de oficios t\u00e9cnicos de peque\u00f1as empresas puede tener \u00e9xito. Con este fin, nuestro experimentado equipo de proyecto ofrece asesoramiento y apoyo competente. En las organizaciones de oficios t\u00e9cnicos participantes, los asesores y asesoras personales para profesionales cualificados est\u00e1n a su disposici\u00f3n para brindar ayuda activa.<\/strong><\/p>\n<p>En nuestros pa\u00edses socios, Colombia y Uzbekist\u00e1n, contamos con personas de contacto fijas en las oficinas de empleo. Para llevar a cabo el proyecto de manera eficiente, nos hemos organizado en distintos grupos de trabajo tem\u00e1ticos y regionales. Un comit\u00e9 de direcci\u00f3n con la participaci\u00f3n del Ministerio Federal de Econom\u00eda y Energ\u00eda (BMWE) supervisa y acompa\u00f1a de igual manera la ejecuci\u00f3n del proyecto.<\/p>\n<p data-start=\"970\" data-end=\"1085\">\u00a1Sea parte de nuestro proyecto y participe activamente en la construcci\u00f3n del futuro del sector de oficios t\u00e9cnicos alem\u00e1n!<\/p>\n<p data-start=\"1087\" data-end=\"1236\"><strong>\u00bfA\u00fan tiene preguntas acerca del projecto <\/strong><strong>?<\/strong><br data-start=\"1150\" data-end=\"1153\" \/>\u00a1Entonces lea nuestra secci\u00f3n de preguntas frecuentes (FAQ) para contestar todas sus dudas!<\/p>\n<\/div><\/section><br \/>\n<div  class='avia-buttonrow-wrap av-m7kbszx2-a157fa33dab8568b15b8e52f4c256bef avia-buttonrow-left  avia-builder-el-6  el_after_av_textblock  avia-builder-el-last '>\n\n<style type=\"text\/css\" data-created_by=\"avia_inline_auto\" id=\"style-css-av-m7kbsybw-e7cf7b43408bfb1399d66d3749c9210d\">\n#top #wrap_all .avia-button.av-m7kbsybw-e7cf7b43408bfb1399d66d3749c9210d{\nmargin-bottom:10px;\nmargin-right:10px;\n}\n#top #wrap_all .avia-button.av-m7kbsybw-e7cf7b43408bfb1399d66d3749c9210d:hover{\ncolor:black;\ntransition:all 0.4s ease-in-out;\n}\n<\/style>\n<a href='https:\/\/www.fitforclimate.de\/es\/faq-esp\/'  class='avia-button av-m7kbsybw-e7cf7b43408bfb1399d66d3749c9210d avia-icon_select-yes-left-icon avia-size-medium av-icon-on-hover avia-color-dark avia-font-color-black'   aria-label=\"Preguntas frecuentes (FAQ)\"><span class='avia_button_icon avia_button_icon_left ' aria-hidden='true' data-av_icon='\ue87d' data-av_iconfont='entypo-fontello'><\/span><span class='avia_iconbox_title' >Preguntas frecuentes (FAQ)<\/span><span class='avia_button_background avia-button avia-color-dark' ><\/span><\/a>\n<\/div><\/p><\/div>\n<style type=\"text\/css\" data-created_by=\"avia_inline_auto\" id=\"style-css-av-m7oij2jf-888d94c5173a0bd15ddf641d27a6b6d4\">\n#top .hr.hr-invisible.av-m7oij2jf-888d94c5173a0bd15ddf641d27a6b6d4{\nheight:60px;\n}\n<\/style>\n<div  class='hr av-m7oij2jf-888d94c5173a0bd15ddf641d27a6b6d4 hr-invisible  avia-builder-el-7  el_after_av_four_fifth  avia-builder-el-last  av-mini-hide'><span class='hr-inner '><span class=\"hr-inner-style\"><\/span><\/span><\/div>\n<\/div><\/div><\/div><!-- close content main div --><\/div><\/div><div id='after_section_3'  class='main_color av_default_container_wrap container_wrap sidebar_right'  ><div class='container av-section-cont-open' ><div class='template-page content  av-content-small alpha units'><div class='post-entry post-entry-type-page post-entry-2044'><div class='entry-content-wrapper clearfix'>\n","protected":false},"excerpt":{"rendered":"","protected":false},"author":2,"featured_media":803,"parent":0,"menu_order":0,"comment_status":"closed","ping_status":"closed","template":"","meta":{"footnotes":""},"class_list":["post-2044","page","type-page","status-publish","has-post-thumbnail","hentry"],"yoast_head":"<!-- This site is optimized with the Yoast SEO plugin v27.4 - https:\/\/yoast.com\/product\/yoast-seo-wordpress\/ -->\n<title>FIT for Climate &#8226; Sobre nosotros<\/title>\n<meta name=\"description\" content=\"Pilotprojekt \u201eFIT for Climate\u201c zur Gewinnung ausl\u00e4ndischer Fachkr\u00e4fte f\u00fcr das deutsche Handwerk. Hier erfahren Sie mehr \u00fcber uns!\" \/>\n<meta name=\"robots\" content=\"index, follow, max-snippet:-1, max-image-preview:large, max-video-preview:-1\" \/>\n<link rel=\"canonical\" href=\"https:\/\/www.fitforclimate.de\/es\/ueber-uns\/\" \/>\n<meta property=\"og:locale\" content=\"es_ES\" \/>\n<meta property=\"og:type\" content=\"article\" \/>\n<meta property=\"og:title\" content=\"FIT for Climate &#8226; Sobre nosotros\" \/>\n<meta property=\"og:description\" content=\"Pilotprojekt \u201eFIT for Climate\u201c zur Gewinnung ausl\u00e4ndischer Fachkr\u00e4fte f\u00fcr das deutsche Handwerk. Hier erfahren Sie mehr \u00fcber uns!\" \/>\n<meta property=\"og:url\" content=\"https:\/\/www.fitforclimate.de\/es\/ueber-uns\/\" \/>\n<meta property=\"og:site_name\" content=\"FIT for Climate\" \/>\n<meta property=\"article:modified_time\" content=\"2025-11-14T10:33:19+00:00\" \/>\n<meta property=\"og:image\" content=\"https:\/\/www.fitforclimate.de\/wp-content\/uploads\/FIT-Beitragsbild_Muster-blau_1200px.jpg\" \/>\n\t<meta property=\"og:image:width\" content=\"1200\" \/>\n\t<meta property=\"og:image:height\" content=\"1200\" \/>\n\t<meta property=\"og:image:type\" content=\"image\/jpeg\" \/>\n<meta name=\"twitter:card\" content=\"summary_large_image\" \/>\n<meta name=\"twitter:label1\" content=\"Tiempo de lectura\" \/>\n\t<meta name=\"twitter:data1\" content=\"1 minuto\" \/>\n<script type=\"application\/ld+json\" class=\"yoast-schema-graph\">{\"@context\":\"https:\\\/\\\/schema.org\",\"@graph\":[{\"@type\":\"Article\",\"@id\":\"https:\\\/\\\/www.fitforclimate.de\\\/es\\\/ueber-uns\\\/#article\",\"isPartOf\":{\"@id\":\"https:\\\/\\\/www.fitforclimate.de\\\/es\\\/ueber-uns\\\/\"},\"author\":{\"name\":\"ZWH-Grafik\",\"@id\":\"https:\\\/\\\/www.fitforclimate.de\\\/es\\\/#\\\/schema\\\/person\\\/e5430ad5be91e06d3bb4d204cff2e7a9\"},\"headline\":\"Sobre nosotros\",\"datePublished\":\"2025-02-20T13:25:07+00:00\",\"dateModified\":\"2025-11-14T10:33:19+00:00\",\"mainEntityOfPage\":{\"@id\":\"https:\\\/\\\/www.fitforclimate.de\\\/es\\\/ueber-uns\\\/\"},\"wordCount\":1908,\"publisher\":{\"@id\":\"https:\\\/\\\/www.fitforclimate.de\\\/es\\\/#organization\"},\"image\":{\"@id\":\"https:\\\/\\\/www.fitforclimate.de\\\/es\\\/ueber-uns\\\/#primaryimage\"},\"thumbnailUrl\":\"https:\\\/\\\/www.fitforclimate.de\\\/wp-content\\\/uploads\\\/FIT-Beitragsbild_Muster-blau_1200px.jpg\",\"inLanguage\":\"es\"},{\"@type\":\"WebPage\",\"@id\":\"https:\\\/\\\/www.fitforclimate.de\\\/es\\\/ueber-uns\\\/\",\"url\":\"https:\\\/\\\/www.fitforclimate.de\\\/es\\\/ueber-uns\\\/\",\"name\":\"FIT for Climate &#8226; Sobre nosotros\",\"isPartOf\":{\"@id\":\"https:\\\/\\\/www.fitforclimate.de\\\/es\\\/#website\"},\"primaryImageOfPage\":{\"@id\":\"https:\\\/\\\/www.fitforclimate.de\\\/es\\\/ueber-uns\\\/#primaryimage\"},\"image\":{\"@id\":\"https:\\\/\\\/www.fitforclimate.de\\\/es\\\/ueber-uns\\\/#primaryimage\"},\"thumbnailUrl\":\"https:\\\/\\\/www.fitforclimate.de\\\/wp-content\\\/uploads\\\/FIT-Beitragsbild_Muster-blau_1200px.jpg\",\"datePublished\":\"2025-02-20T13:25:07+00:00\",\"dateModified\":\"2025-11-14T10:33:19+00:00\",\"description\":\"Pilotprojekt \u201eFIT for Climate\u201c zur Gewinnung ausl\u00e4ndischer Fachkr\u00e4fte f\u00fcr das deutsche Handwerk. Hier erfahren Sie mehr \u00fcber uns!\",\"breadcrumb\":{\"@id\":\"https:\\\/\\\/www.fitforclimate.de\\\/es\\\/ueber-uns\\\/#breadcrumb\"},\"inLanguage\":\"es\",\"potentialAction\":[{\"@type\":\"ReadAction\",\"target\":[\"https:\\\/\\\/www.fitforclimate.de\\\/es\\\/ueber-uns\\\/\"]}]},{\"@type\":\"ImageObject\",\"inLanguage\":\"es\",\"@id\":\"https:\\\/\\\/www.fitforclimate.de\\\/es\\\/ueber-uns\\\/#primaryimage\",\"url\":\"https:\\\/\\\/www.fitforclimate.de\\\/wp-content\\\/uploads\\\/FIT-Beitragsbild_Muster-blau_1200px.jpg\",\"contentUrl\":\"https:\\\/\\\/www.fitforclimate.de\\\/wp-content\\\/uploads\\\/FIT-Beitragsbild_Muster-blau_1200px.jpg\",\"width\":1200,\"height\":1200},{\"@type\":\"BreadcrumbList\",\"@id\":\"https:\\\/\\\/www.fitforclimate.de\\\/es\\\/ueber-uns\\\/#breadcrumb\",\"itemListElement\":[{\"@type\":\"ListItem\",\"position\":1,\"name\":\"Startseite\",\"item\":\"https:\\\/\\\/www.fitforclimate.de\\\/es\\\/trabajadores-cualificados\\\/\"},{\"@type\":\"ListItem\",\"position\":2,\"name\":\"Sobre nosotros\"}]},{\"@type\":\"WebSite\",\"@id\":\"https:\\\/\\\/www.fitforclimate.de\\\/es\\\/#website\",\"url\":\"https:\\\/\\\/www.fitforclimate.de\\\/es\\\/\",\"name\":\"FIT for Climate\",\"description\":\"Future International Talents for German Climate Businesses\",\"publisher\":{\"@id\":\"https:\\\/\\\/www.fitforclimate.de\\\/es\\\/#organization\"},\"alternateName\":\"FIT\",\"potentialAction\":[{\"@type\":\"SearchAction\",\"target\":{\"@type\":\"EntryPoint\",\"urlTemplate\":\"https:\\\/\\\/www.fitforclimate.de\\\/es\\\/?s={search_term_string}\"},\"query-input\":{\"@type\":\"PropertyValueSpecification\",\"valueRequired\":true,\"valueName\":\"search_term_string\"}}],\"inLanguage\":\"es\"},{\"@type\":\"Organization\",\"@id\":\"https:\\\/\\\/www.fitforclimate.de\\\/es\\\/#organization\",\"name\":\"FIT for German Climate Businesses\",\"alternateName\":\"FIT For Climate\",\"url\":\"https:\\\/\\\/www.fitforclimate.de\\\/es\\\/\",\"logo\":{\"@type\":\"ImageObject\",\"inLanguage\":\"es\",\"@id\":\"https:\\\/\\\/www.fitforclimate.de\\\/es\\\/#\\\/schema\\\/logo\\\/image\\\/\",\"url\":\"https:\\\/\\\/www.fitforclimate.de\\\/wp-content\\\/uploads\\\/FIT-Favicon_512px.png\",\"contentUrl\":\"https:\\\/\\\/www.fitforclimate.de\\\/wp-content\\\/uploads\\\/FIT-Favicon_512px.png\",\"width\":512,\"height\":512,\"caption\":\"FIT for German Climate Businesses\"},\"image\":{\"@id\":\"https:\\\/\\\/www.fitforclimate.de\\\/es\\\/#\\\/schema\\\/logo\\\/image\\\/\"}},{\"@type\":\"Person\",\"@id\":\"https:\\\/\\\/www.fitforclimate.de\\\/es\\\/#\\\/schema\\\/person\\\/e5430ad5be91e06d3bb4d204cff2e7a9\",\"name\":\"ZWH-Grafik\",\"image\":{\"@type\":\"ImageObject\",\"inLanguage\":\"es\",\"@id\":\"https:\\\/\\\/secure.gravatar.com\\\/avatar\\\/94dd8cc5c91861c8083335a288e71a70c740aa789156a9f9bd81d75d710dc6a1?s=96&d=mm&r=g\",\"url\":\"https:\\\/\\\/secure.gravatar.com\\\/avatar\\\/94dd8cc5c91861c8083335a288e71a70c740aa789156a9f9bd81d75d710dc6a1?s=96&d=mm&r=g\",\"contentUrl\":\"https:\\\/\\\/secure.gravatar.com\\\/avatar\\\/94dd8cc5c91861c8083335a288e71a70c740aa789156a9f9bd81d75d710dc6a1?s=96&d=mm&r=g\",\"caption\":\"ZWH-Grafik\"}}]}<\/script>\n<!-- \/ Yoast SEO plugin. -->","yoast_head_json":{"title":"FIT for Climate &#8226; Sobre nosotros","description":"Pilotprojekt \u201eFIT for Climate\u201c zur Gewinnung ausl\u00e4ndischer Fachkr\u00e4fte f\u00fcr das deutsche Handwerk. Hier erfahren Sie mehr \u00fcber uns!","robots":{"index":"index","follow":"follow","max-snippet":"max-snippet:-1","max-image-preview":"max-image-preview:large","max-video-preview":"max-video-preview:-1"},"canonical":"https:\/\/www.fitforclimate.de\/es\/ueber-uns\/","og_locale":"es_ES","og_type":"article","og_title":"FIT for Climate &#8226; Sobre nosotros","og_description":"Pilotprojekt \u201eFIT for Climate\u201c zur Gewinnung ausl\u00e4ndischer Fachkr\u00e4fte f\u00fcr das deutsche Handwerk. Hier erfahren Sie mehr \u00fcber uns!","og_url":"https:\/\/www.fitforclimate.de\/es\/ueber-uns\/","og_site_name":"FIT for Climate","article_modified_time":"2025-11-14T10:33:19+00:00","og_image":[{"width":1200,"height":1200,"url":"https:\/\/www.fitforclimate.de\/wp-content\/uploads\/FIT-Beitragsbild_Muster-blau_1200px.jpg","type":"image\/jpeg"}],"twitter_card":"summary_large_image","twitter_misc":{"Tiempo de lectura":"1 minuto"},"schema":{"@context":"https:\/\/schema.org","@graph":[{"@type":"Article","@id":"https:\/\/www.fitforclimate.de\/es\/ueber-uns\/#article","isPartOf":{"@id":"https:\/\/www.fitforclimate.de\/es\/ueber-uns\/"},"author":{"name":"ZWH-Grafik","@id":"https:\/\/www.fitforclimate.de\/es\/#\/schema\/person\/e5430ad5be91e06d3bb4d204cff2e7a9"},"headline":"Sobre nosotros","datePublished":"2025-02-20T13:25:07+00:00","dateModified":"2025-11-14T10:33:19+00:00","mainEntityOfPage":{"@id":"https:\/\/www.fitforclimate.de\/es\/ueber-uns\/"},"wordCount":1908,"publisher":{"@id":"https:\/\/www.fitforclimate.de\/es\/#organization"},"image":{"@id":"https:\/\/www.fitforclimate.de\/es\/ueber-uns\/#primaryimage"},"thumbnailUrl":"https:\/\/www.fitforclimate.de\/wp-content\/uploads\/FIT-Beitragsbild_Muster-blau_1200px.jpg","inLanguage":"es"},{"@type":"WebPage","@id":"https:\/\/www.fitforclimate.de\/es\/ueber-uns\/","url":"https:\/\/www.fitforclimate.de\/es\/ueber-uns\/","name":"FIT for Climate &#8226; Sobre nosotros","isPartOf":{"@id":"https:\/\/www.fitforclimate.de\/es\/#website"},"primaryImageOfPage":{"@id":"https:\/\/www.fitforclimate.de\/es\/ueber-uns\/#primaryimage"},"image":{"@id":"https:\/\/www.fitforclimate.de\/es\/ueber-uns\/#primaryimage"},"thumbnailUrl":"https:\/\/www.fitforclimate.de\/wp-content\/uploads\/FIT-Beitragsbild_Muster-blau_1200px.jpg","datePublished":"2025-02-20T13:25:07+00:00","dateModified":"2025-11-14T10:33:19+00:00","description":"Pilotprojekt \u201eFIT for Climate\u201c zur Gewinnung ausl\u00e4ndischer Fachkr\u00e4fte f\u00fcr das deutsche Handwerk. Hier erfahren Sie mehr \u00fcber uns!","breadcrumb":{"@id":"https:\/\/www.fitforclimate.de\/es\/ueber-uns\/#breadcrumb"},"inLanguage":"es","potentialAction":[{"@type":"ReadAction","target":["https:\/\/www.fitforclimate.de\/es\/ueber-uns\/"]}]},{"@type":"ImageObject","inLanguage":"es","@id":"https:\/\/www.fitforclimate.de\/es\/ueber-uns\/#primaryimage","url":"https:\/\/www.fitforclimate.de\/wp-content\/uploads\/FIT-Beitragsbild_Muster-blau_1200px.jpg","contentUrl":"https:\/\/www.fitforclimate.de\/wp-content\/uploads\/FIT-Beitragsbild_Muster-blau_1200px.jpg","width":1200,"height":1200},{"@type":"BreadcrumbList","@id":"https:\/\/www.fitforclimate.de\/es\/ueber-uns\/#breadcrumb","itemListElement":[{"@type":"ListItem","position":1,"name":"Startseite","item":"https:\/\/www.fitforclimate.de\/es\/trabajadores-cualificados\/"},{"@type":"ListItem","position":2,"name":"Sobre nosotros"}]},{"@type":"WebSite","@id":"https:\/\/www.fitforclimate.de\/es\/#website","url":"https:\/\/www.fitforclimate.de\/es\/","name":"FIT for Climate","description":"Future International Talents for German Climate Businesses","publisher":{"@id":"https:\/\/www.fitforclimate.de\/es\/#organization"},"alternateName":"FIT","potentialAction":[{"@type":"SearchAction","target":{"@type":"EntryPoint","urlTemplate":"https:\/\/www.fitforclimate.de\/es\/?s={search_term_string}"},"query-input":{"@type":"PropertyValueSpecification","valueRequired":true,"valueName":"search_term_string"}}],"inLanguage":"es"},{"@type":"Organization","@id":"https:\/\/www.fitforclimate.de\/es\/#organization","name":"FIT for German Climate Businesses","alternateName":"FIT For Climate","url":"https:\/\/www.fitforclimate.de\/es\/","logo":{"@type":"ImageObject","inLanguage":"es","@id":"https:\/\/www.fitforclimate.de\/es\/#\/schema\/logo\/image\/","url":"https:\/\/www.fitforclimate.de\/wp-content\/uploads\/FIT-Favicon_512px.png","contentUrl":"https:\/\/www.fitforclimate.de\/wp-content\/uploads\/FIT-Favicon_512px.png","width":512,"height":512,"caption":"FIT for German Climate Businesses"},"image":{"@id":"https:\/\/www.fitforclimate.de\/es\/#\/schema\/logo\/image\/"}},{"@type":"Person","@id":"https:\/\/www.fitforclimate.de\/es\/#\/schema\/person\/e5430ad5be91e06d3bb4d204cff2e7a9","name":"ZWH-Grafik","image":{"@type":"ImageObject","inLanguage":"es","@id":"https:\/\/secure.gravatar.com\/avatar\/94dd8cc5c91861c8083335a288e71a70c740aa789156a9f9bd81d75d710dc6a1?s=96&d=mm&r=g","url":"https:\/\/secure.gravatar.com\/avatar\/94dd8cc5c91861c8083335a288e71a70c740aa789156a9f9bd81d75d710dc6a1?s=96&d=mm&r=g","contentUrl":"https:\/\/secure.gravatar.com\/avatar\/94dd8cc5c91861c8083335a288e71a70c740aa789156a9f9bd81d75d710dc6a1?s=96&d=mm&r=g","caption":"ZWH-Grafik"}}]}},"_links":{"self":[{"href":"https:\/\/www.fitforclimate.de\/es\/wp-json\/wp\/v2\/pages\/2044","targetHints":{"allow":["GET"]}}],"collection":[{"href":"https:\/\/www.fitforclimate.de\/es\/wp-json\/wp\/v2\/pages"}],"about":[{"href":"https:\/\/www.fitforclimate.de\/es\/wp-json\/wp\/v2\/types\/page"}],"author":[{"embeddable":true,"href":"https:\/\/www.fitforclimate.de\/es\/wp-json\/wp\/v2\/users\/2"}],"replies":[{"embeddable":true,"href":"https:\/\/www.fitforclimate.de\/es\/wp-json\/wp\/v2\/comments?post=2044"}],"version-history":[{"count":7,"href":"https:\/\/www.fitforclimate.de\/es\/wp-json\/wp\/v2\/pages\/2044\/revisions"}],"predecessor-version":[{"id":2363,"href":"https:\/\/www.fitforclimate.de\/es\/wp-json\/wp\/v2\/pages\/2044\/revisions\/2363"}],"wp:featuredmedia":[{"embeddable":true,"href":"https:\/\/www.fitforclimate.de\/es\/wp-json\/wp\/v2\/media\/803"}],"wp:attachment":[{"href":"https:\/\/www.fitforclimate.de\/es\/wp-json\/wp\/v2\/media?parent=2044"}],"curies":[{"name":"wp","href":"https:\/\/api.w.org\/{rel}","templated":true}]}}